{"id":688,"date":"2020-07-18T04:24:34","date_gmt":"2020-07-18T07:24:34","guid":{"rendered":"https:\/\/edctecnologia.com.br\/treinamento-e-capacitacao\/"},"modified":"2020-12-09T15:52:15","modified_gmt":"2020-12-09T18:52:15","slug":"formacion-y-capacitacion","status":"publish","type":"page","link":"https:\/\/edctecnologia.com.br\/es\/servicos\/formacion-y-capacitacion\/","title":{"rendered":"Formaci\u00f3n y Capacitaci\u00f3n"},"content":{"rendered":"<div class=\"wpb-content-wrapper\"><p>[vc_section][vc_row][vc_column width=\u00bb1\/2&#8243;][vc_column_text]Con el mercado cada vez m\u00e1s competitivo, las empresas necesitan lanzar estrategias en todo momento y mantener a sus profesionales comprometidos. EDC Tecnolog\u00eda cuenta con un equipo especializado en software de alto nivel comercializado por Dassault Syst\u00e8mes, para que a sus usuarios les resulte m\u00e1s f\u00e1cil usar sus herramientas y, por lo tanto, sean m\u00e1s productivos.<\/p>\n<p>EDC Tecnolog\u00eda ofrece capacitaci\u00f3n para el software de los portafolios SIMULIA (simulaci\u00f3n num\u00e9rica multif\u00edsica), BIOVIA (simulaci\u00f3n molecular) y tambi\u00e9n para la plataforma 3DExperience (consultar aplicaciones). La capacitaci\u00f3n en software de alto rendimiento permite a los profesionales e investigadores estar mejor preparados para enfrentar los desaf\u00edos de su empresa e instituci\u00f3n educativa, lo que lo hace m\u00e1s competitivo y diferencia al mercado.<\/p>\n<p>La capacitaci\u00f3n se adapta a las necesidades de su empresa o instituci\u00f3n educativa, con contenido y horarios flexibles a las demandas espec\u00edficas de su negocio, conozca m\u00e1s detalles y promueva un salto en la capacidad productiva de sus empleados al contactarnos a trav\u00e9s del n\u00famero <strong>+55 11 98608-7558<\/strong> o reciba la informaci\u00f3n en su correo electr\u00f3nico completando el siguiente formulario.[\/vc_column_text][\/vc_column][vc_column width=\u00bb1\/2&#8243;][vc_single_image image=\u00bb129&#8243; img_size=\u00bbfull\u00bb alignment=\u00bbcenter\u00bb][\/vc_column][\/vc_row][\/vc_section][vc_section css=\u00bb.vc_custom_1595057335267{background-color: #f7f7f7 !important;}\u00bb el_id=\u00bbbeneficios\u00bb][vc_row][vc_column][vc_column_text css_animation=\u00bbfadeInUp\u00bb]<\/p>\n<h2 style=\"text-align: center;\">Beneficios<\/h2>\n<p>[\/vc_column_text][\/vc_column][\/vc_row][vc_row][vc_column width=\u00bb1\/4&#8243;][vc_single_image image=\u00bb131&#8243; img_size=\u00bbfull\u00bb alignment=\u00bbcenter\u00bb][vc_column_text]<\/p>\n<p style=\"text-align: center;\">Mayor rendimiento de su equipo<\/p>\n<p>[\/vc_column_text][\/vc_column][vc_column width=\u00bb1\/4&#8243;][vc_single_image image=\u00bb131&#8243; img_size=\u00bbfull\u00bb alignment=\u00bbcenter\u00bb][vc_column_text]<\/p>\n<p style=\"text-align: center;\">Mayor calidad en proyectos desarrollados<\/p>\n<p>[\/vc_column_text][\/vc_column][vc_column width=\u00bb1\/4&#8243;][vc_single_image image=\u00bb131&#8243; img_size=\u00bbfull\u00bb alignment=\u00bbcenter\u00bb][vc_column_text]<\/p>\n<p style=\"text-align: center;\">Mayor aprovechamiento de los recursos t\u00e9cnicos disponibles<\/p>\n<p>[\/vc_column_text][\/vc_column][vc_column width=\u00bb1\/4&#8243;][vc_single_image image=\u00bb131&#8243; img_size=\u00bbfull\u00bb alignment=\u00bbcenter\u00bb][vc_column_text]<\/p>\n<p style=\"text-align: center;\">Reducci\u00f3n de la rotaci\u00f3n y generaci\u00f3n de mayores lazos con la instituci\u00f3n.<\/p>\n<p>[\/vc_column_text][\/vc_column][\/vc_row][\/vc_section][vc_section css=\u00bb.vc_custom_1595058526021{background-color: #309ed5 !important;}\u00bb el_id=\u00bbcta\u00bb el_class=\u00bbblock-link\u00bb][vc_row][vc_column][vc_column_text]<\/p>\n<p style=\"text-align: center;\">PARA OBTENER M\u00c1S INFORMACI\u00d3N SOBRE NUESTRO SERVICIO DE ENTRENAMIENTO Y CAPACITACI\u00d3N LLAME AL <a href=\"tel:+55 11 98608-7558\" target=\"_blank\" rel=\"noopener noreferrer\"><strong>+55 11 98608-7558<\/strong><\/a> O A TRAV\u00c9S DEL FORMULARIO A CONTINUACI\u00d3N<\/p>\n<p>[\/vc_column_text][\/vc_column][\/vc_row][\/vc_section][vc_section el_id=\u00bbformulario\u00bb css=\u00bb.vc_custom_1595058780411{background-image: url(http:\/\/edctecnologia.com.br\/wp-content\/uploads\/2020\/07\/bg-form.jpg?id=141) !important;}\u00bb][vc_row][vc_column width=\u00bb1\/2&#8243;][vc_column_text]<\/p>\n<h3>Formulario para cotizaci\u00f3n<\/h3>\n<p>Para obtener m\u00e1s informaci\u00f3n, preguntas y precios, hable con uno de nuestros consultores v\u00eda whatsapp o env\u00ede un correo electr\u00f3nico utilizando el formulario a continuaci\u00f3n.<\/p>\n<p><a href=\"https:\/\/wa.me\/5511986087558\" target=\"_blank\" rel=\"noopener noreferrer\">+55 11 98608-7558<img decoding=\"async\" src=\"http:\/\/edctecnologia.com.br\/wp-content\/uploads\/2020\/07\/whats.svg\" alt=\"Whatsapp\" \/><\/a>[\/vc_column_text][\/vc_column][vc_column width=\u00bb1\/2&#8243;]\n<div class=\"wpcf7 no-js\" id=\"wpcf7-f1113-o1\" lang=\"pt-BR\" dir=\"ltr\" data-wpcf7-id=\"1113\">\n<div class=\"screen-reader-response\"><p role=\"status\" aria-live=\"polite\" aria-atomic=\"true\"><\/p> <ul><\/ul><\/div>\n<form action=\"\/es\/wp-json\/wp\/v2\/pages\/688#wpcf7-f1113-o1\" method=\"post\" class=\"wpcf7-form init\" aria-label=\"Formul\u00e1rios de contato\" novalidate=\"novalidate\" data-status=\"init\">\n<div style=\"display: none;\">\n<input type=\"hidden\" name=\"_wpcf7\" value=\"1113\" \/>\n<input type=\"hidden\" name=\"_wpcf7_version\" value=\"6.0.6\" \/>\n<input type=\"hidden\" name=\"_wpcf7_locale\" value=\"pt_BR\" \/>\n<input type=\"hidden\" name=\"_wpcf7_unit_tag\" value=\"wpcf7-f1113-o1\" \/>\n<input type=\"hidden\" name=\"_wpcf7_container_post\" value=\"0\" \/>\n<input type=\"hidden\" name=\"_wpcf7_posted_data_hash\" value=\"\" \/>\n<\/div>\n<p><span class=\"wpcf7-form-control-wrap\" data-name=\"nome\"><input size=\"40\" maxlength=\"400\" class=\"wpcf7-form-control wpcf7-text wpcf7-validates-as-required\" aria-required=\"true\" aria-invalid=\"false\" placeholder=\"Nombre\" value=\"\" type=\"text\" name=\"nome\" \/><\/span><span class=\"wpcf7-form-control-wrap\" data-name=\"tel\"><input size=\"40\" maxlength=\"400\" class=\"wpcf7-form-control wpcf7-text wpcf7-validates-as-required\" aria-required=\"true\" aria-invalid=\"false\" placeholder=\"Tel\u00e9fono (Ex.: +55 11 99999-9999)\" value=\"\" type=\"text\" name=\"tel\" \/><\/span><span class=\"wpcf7-form-control-wrap\" data-name=\"email\"><input size=\"40\" maxlength=\"400\" class=\"wpcf7-form-control wpcf7-email wpcf7-validates-as-required wpcf7-text wpcf7-validates-as-email\" aria-required=\"true\" aria-invalid=\"false\" placeholder=\"E-mail\" value=\"\" type=\"email\" name=\"email\" \/><\/span><span class=\"wpcf7-form-control-wrap\" data-name=\"obs\"><textarea cols=\"40\" rows=\"10\" maxlength=\"2000\" class=\"wpcf7-form-control wpcf7-textarea wpcf7-validates-as-required\" aria-required=\"true\" aria-invalid=\"false\" placeholder=\"Comentarios\" name=\"obs\"><\/textarea><\/span><input class=\"wpcf7-form-control wpcf7-submit has-spinner\" type=\"submit\" value=\"Enviar\" \/>\n<\/p><div class=\"wpcf7-response-output\" aria-hidden=\"true\"><\/div>\n<\/form>\n<\/div>\n[\/vc_column][\/vc_row][\/vc_section]<\/p>\n<\/div>","protected":false},"excerpt":{"rendered":"<p>[vc_section][vc_row][vc_column width=\u00bb1\/2&#8243;][vc_column_text]Con el mercado cada vez m\u00e1s competitivo, las empresas necesitan lanzar estrategias en todo momento y mantener a sus profesionales comprometidos. EDC Tecnolog\u00eda cuenta con un equipo especializado en software de alto nivel comercializado por Dassault Syst\u00e8mes, para que a sus usuarios les resulte m\u00e1s f\u00e1cil usar sus herramientas y, por lo tanto, sean [&hellip;]<\/p>\n","protected":false},"author":2,"featured_media":0,"parent":819,"menu_order":0,"comment_status":"closed","ping_status":"closed","template":"","meta":{"_acf_changed":false,"footnotes":""},"class_list":["post-688","page","type-page","status-publish","hentry"],"acf":[],"_links":{"self":[{"href":"https:\/\/edctecnologia.com.br\/es\/wp-json\/wp\/v2\/pages\/688","targetHints":{"allow":["GET"]}}],"collection":[{"href":"https:\/\/edctecnologia.com.br\/es\/wp-json\/wp\/v2\/pages"}],"about":[{"href":"https:\/\/edctecnologia.com.br\/es\/wp-json\/wp\/v2\/types\/page"}],"author":[{"embeddable":true,"href":"https:\/\/edctecnologia.com.br\/es\/wp-json\/wp\/v2\/users\/2"}],"replies":[{"embeddable":true,"href":"https:\/\/edctecnologia.com.br\/es\/wp-json\/wp\/v2\/comments?post=688"}],"version-history":[{"count":17,"href":"https:\/\/edctecnologia.com.br\/es\/wp-json\/wp\/v2\/pages\/688\/revisions"}],"predecessor-version":[{"id":2119,"href":"https:\/\/edctecnologia.com.br\/es\/wp-json\/wp\/v2\/pages\/688\/revisions\/2119"}],"up":[{"embeddable":true,"href":"https:\/\/edctecnologia.com.br\/es\/wp-json\/wp\/v2\/pages\/819"}],"wp:attachment":[{"href":"https:\/\/edctecnologia.com.br\/es\/wp-json\/wp\/v2\/media?parent=688"}],"curies":[{"name":"wp","href":"https:\/\/api.w.org\/{rel}","templated":true}]}}