{"id":643,"date":"2020-07-17T02:56:43","date_gmt":"2020-07-17T05:56:43","guid":{"rendered":"https:\/\/edctecnologia.com.br\/home\/"},"modified":"2021-06-18T15:44:05","modified_gmt":"2021-06-18T18:44:05","slug":"home","status":"publish","type":"page","link":"https:\/\/edctecnologia.com.br\/es\/","title":{"rendered":"Home"},"content":{"rendered":"<div class=\"wpb-content-wrapper\"><p>[vc_section el_id=\u00bbservicos\u00bb css=\u00bb.vc_custom_1595285803758{background-color: #ececeb !important;}\u00bb][vc_row][vc_column][vc_column_text css_animation=\u00bbslideInUp\u00bb]<\/p>\n<h2 style=\"text-align: center;\">Servicios<\/h2>\n<p>[\/vc_column_text][\/vc_column][\/vc_row][vc_row el_class=\u00bbblock-link servico-carousel\u00bb][vc_column width=\u00bb1\/3&#8243;][vc_single_image image=\u00bb28&#8243; img_size=\u00bbfull\u00bb alignment=\u00bbcenter\u00bb onclick=\u00bbcustom_link\u00bb css_animation=\u00bbfadeInLeft\u00bb link=\u00bbhttp:\/\/edctecnologia.com.br\/servicos\/treinamento-e-capacitacao\/\u00bb][vc_column_text]<\/p>\n<h3 style=\"text-align: center;\">Treinamento<br \/>\ne capacita\u00e7\u00e3o<\/h3>\n<p style=\"text-align: center;\">Solu\u00e7\u00f5es para treinamento e capacita\u00e7\u00e3o do seu time. Flexibilidade de cargas hor\u00e1rias e conte\u00fados focados nos seus objetivos.<\/p>\n<p>[\/vc_column_text][\/vc_column][vc_column width=\u00bb1\/3&#8243;][vc_single_image image=\u00bb150&#8243; img_size=\u00bbfull\u00bb alignment=\u00bbcenter\u00bb onclick=\u00bbcustom_link\u00bb css_animation=\u00bbfadeInUp\u00bb link=\u00bbhttp:\/\/edctecnologia.com.br\/servicos\/certificacao\/\u00bb][vc_column_text]<\/p>\n<h3 style=\"text-align: center;\">Certificaci\u00f3n<\/h3>\n<p style=\"text-align: center;\">Certificaciones para profesionales y estudiantes sobre herramientas de software de Dassault Syst\u00e8mes. 3DExperience, Catia y m\u00e1s.<\/p>\n<p>&nbsp;<br \/>\n[\/vc_column_text][\/vc_column][vc_column width=\u00bb1\/3&#8243;][vc_single_image image=\u00bb16&#8243; img_size=\u00bbfull\u00bb alignment=\u00bbcenter\u00bb onclick=\u00bbcustom_link\u00bb css_animation=\u00bbfadeInRight\u00bb link=\u00bbhttp:\/\/edctecnologia.com.br\/servicos\/consultoria\/\u00bb][vc_column_text]<\/p>\n<h3 style=\"text-align: center;\">Consultor\u00eda<\/h3>\n<p style=\"text-align: center;\">Servicio de consultor\u00eda profesional para la implementaci\u00f3n de herramientas de ingenier\u00eda.<\/p>\n<p>&nbsp;<br \/>\n[\/vc_column_text][\/vc_column][\/vc_row][\/vc_section][vc_section parallax=\u00bbcontent-moving-fade\u00bb parallax_image=\u00bb367&#8243; el_id=\u00bbsolucoes\u00bb css=\u00bb.vc_custom_1595487880475{background: #ececeb url(http:\/\/edctecnologia.com.br\/wp-content\/uploads\/2020\/07\/ang-bg3-1.jpg?id=306) !important;}\u00bb][vc_row][vc_column][vc_column_text css_animation=\u00bbfadeInUp\u00bb]<\/p>\n<h2 style=\"text-align: center;\">Solu\u00e7\u00f5es<\/h2>\n<p>[\/vc_column_text][\/vc_column][\/vc_row][vc_row el_class=\u00bbblock-link\u00bb][vc_column width=\u00bb1\/4&#8243;][vc_column_text el_class=\u00bbs1 c1&#8243;]<\/p>\n<h3 style=\"text-align: center;\"><a href=\"http:\/\/edctecnologia.com.br\/solucoes\/biovia-pipeline-pilot\/\">BIOVIA<br \/>\nPipeline<br \/>\nPilot<\/a><\/h3>\n<p style=\"text-align: center;\">Optimizaci\u00f3n de Simulaci\u00f3n Molecular<\/p>\n<p>&nbsp;<br \/>\n[\/vc_column_text][\/vc_column][vc_column width=\u00bb1\/4&#8243;][vc_column_text el_class=\u00bbs1 c1&#8243;]<\/p>\n<h3 style=\"text-align: center;\"><a href=\"http:\/\/edctecnologia.com.br\/solucoes\/biovia-materials-studio\/\">BIOVIA<br \/>\nMaterials<br \/>\nStudio<\/a><\/h3>\n<p style=\"text-align: center;\">Simula\u00e7\u00e3o Molecular<\/p>\n<p>[\/vc_column_text][\/vc_column][vc_column width=\u00bb1\/4&#8243;][vc_column_text el_class=\u00bbs1 c1&#8243;]<\/p>\n<h3 style=\"text-align: center;\"><a href=\"http:\/\/edctecnologia.com.br\/solucoes\/cst-studio-suite\/\">CST<br \/>\nStudio<br \/>\nSuite<\/a><\/h3>\n<p style=\"text-align: center;\">Simulaci\u00f3n Electromagn\u00e9tica<\/p>\n<p>&nbsp;<br \/>\n[\/vc_column_text][\/vc_column][vc_column width=\u00bb1\/4&#8243;][vc_column_text el_class=\u00bbs2 c1&#8243;]<\/p>\n<h3 style=\"text-align: center;\"><a href=\"http:\/\/edctecnologia.com.br\/solucoes\/xflow\/\">Xflow<\/a><\/h3>\n<p style=\"text-align: center;\">Din\u00e1mica de Fluidos Computacional<\/p>\n<p>&nbsp;<br \/>\n[\/vc_column_text][\/vc_column][vc_column width=\u00bb1\/3&#8243;][vc_column_text el_class=\u00bbs3 c1&#8243;]<\/p>\n<h3 style=\"text-align: center;\"><a href=\"http:\/\/edctecnologia.com.br\/solucoes\/fmk\/\">FMK<\/a><\/h3>\n<p style=\"text-align: center;\">Din\u00e1mica de fluidos computacional<\/p>\n<p>&nbsp;<br \/>\n[\/vc_column_text][\/vc_column][vc_column width=\u00bb1\/3&#8243;][vc_column_text el_class=\u00bbs2 c1&#8243;]<\/p>\n<h3 style=\"text-align: center;\"><a href=\"http:\/\/edctecnologia.com.br\/solucoes\/enovia\/\">ENOVIA<\/a><\/h3>\n<p style=\"text-align: center;\">Gesti\u00f3n de Proyectos<\/p>\n<p>&nbsp;<br \/>\n[\/vc_column_text][\/vc_column][vc_column width=\u00bb1\/3&#8243;][vc_column_text el_class=\u00bbs1 c1&#8243;]<\/p>\n<h3 style=\"text-align: center;\"><a href=\"http:\/\/edctecnologia.com.br\/solucoes\/abaqus\/\">Abaqus<\/a><\/h3>\n<p style=\"text-align: center;\">Simulaci\u00f3n Estructural<\/p>\n<p>&nbsp;<br \/>\n[\/vc_column_text][\/vc_column][vc_column width=\u00bb1\/3&#8243;][vc_column_text el_class=\u00bbs4 c1&#8243;]<\/p>\n<h3 style=\"text-align: center;\"><a href=\"http:\/\/edctecnologia.com.br\/solucoes\/3dexperience-for-education\/\">3DExperience<br \/>\nfor Academia<\/a><\/h3>\n<p style=\"text-align: center;\">Conjunto completo para la educaci\u00f3n en ingenier\u00eda<\/p>\n<p>&nbsp;<br \/>\n[\/vc_column_text][\/vc_column][vc_column width=\u00bb1\/3&#8243;][vc_column_text el_class=\u00bbs4 c1&#8243;]<\/p>\n<h3 style=\"text-align: center;\"><a href=\"http:\/\/edctecnologia.com.br\/solucoes\/biovia-discovery-studio\/\">BIOVIA<br \/>\nDiscovery<br \/>\nStudio<\/a><\/h3>\n<p style=\"text-align: center;\">Simula\u00e7\u00e3o Molecular de Sistemas Biol\u00f3gicos<\/p>\n<p>[\/vc_column_text][\/vc_column][vc_column width=\u00bb1\/3&#8243;][vc_column_text el_class=\u00bbs4 c1&#8243;]<\/p>\n<h3 style=\"text-align: center;\"><a href=\"http:\/\/edctecnologia.com.br\/solucoes\/plataforma-3dexperience\/\">3DExperience<\/a><\/h3>\n<p style=\"text-align: center;\">Conjunto completo de herramientas de ingenier\u00eda, colaboraci\u00f3n y administraci\u00f3n<\/p>\n<p>&nbsp;<br \/>\n[\/vc_column_text][\/vc_column][vc_column][vc_column_text el_class=\u00bbs3 c1&#8243;]<\/p>\n<h3 style=\"text-align: center;\"><a href=\"http:\/\/edctecnologia.com.br\/solucoes\/catia\/\">CATIA<\/a><\/h3>\n<p style=\"text-align: center;\">Ingenier\u00eda y Dise\u00f1o<\/p>\n<p>&nbsp;<br \/>\n[\/vc_column_text][\/vc_column][\/vc_row][\/vc_section][vc_section css=\u00bb.vc_custom_1595287121878{background-color: #395363 !important;}\u00bb el_id=\u00bbdepoimentos\u00bb][vc_row][vc_column]<ul class=\"depoimentos-list owl-carousel\"><li> \n                    <div class=\"img\" style=\"background-image:url(https:\/\/edctecnologia.com.br\/wp-content\/uploads\/2020\/07\/GilbertRichard.jpg)\"> <\/div>\n                    <blockquote>\n                    The use of MS Modeling solved a problem that had been present for about one year. We did not gain an advantage, but it prevented us from losing one\n                    <\/blockquote>\n                    <span>\n                        <b>Dr Richard Gilbert<\/b> <br>\n                        Investigador de Biosensores del e2v Technologies\n                    <\/span>\n                <\/li><li> \n                    <div class=\"img\" style=\"background-image:url(https:\/\/edctecnologia.com.br\/wp-content\/uploads\/2020\/07\/richard-gilbert.jpg)\"> <\/div>\n                    <blockquote>\n                    Materials modeling, when used to solve a problem with an existing product, saved over \u00a3500k in development costs. This work found a solution in less than two weeks, so the cost of the software was re-couped in about one week\n                    <\/blockquote>\n                    <span>\n                        <b>Dr Richard Gilbert<\/b> <br>\n                        Investigador de Biosensores del e2v Technologies\n                    <\/span>\n                <\/li><li> \n                    <div class=\"img\" style=\"background-image:url(https:\/\/edctecnologia.com.br\/wp-content\/uploads\/2020\/07\/DrexlerOMS-A-1000x1000-1.jpg)\"> <\/div>\n                    <blockquote>\n                    The original definition is based on the development of molecular machine systems able to build a wide range of products inexpensively, with atomic precision\n                    <\/blockquote>\n                    <span>\n                        <b>Dr K. Eric Drexler<\/b> <br>\n                        Creador de The Foresight Institute\n                    <\/span>\n                <\/li><li> \n                    <div class=\"img\" style=\"background-image:url(https:\/\/edctecnologia.com.br\/wp-content\/uploads\/2020\/07\/Ezio_Garcia.jpg)\"> <\/div>\n                    <blockquote>\n                    Una soluci\u00f3n que satisfacer\u00e1 la demanda de creaci\u00f3n de proyectos, gesti\u00f3n e intercambio de informaci\u00f3n para estudiantes en todos los niveles de aprendizaje, desde principiantes hasta aquellos que est\u00e1n completando el curso o que ya est\u00e1n en el mercado laboral\n                    <\/blockquote>\n                    <span>\n                        <b>Prof. Dr. Ezio Castejon Garcia<\/b> <br>\n                        Jefe de la Divisi\u00f3n de Ingenier\u00eda Mec\u00e1nica en ITA\n                    <\/span>\n                <\/li><li> \n                    <div class=\"img\" style=\"background-image:url(https:\/\/edctecnologia.com.br\/wp-content\/uploads\/2020\/07\/Marcello-Nitz-11-scaled-e1599589857185.jpg)\"> <\/div>\n                    <blockquote>\n                    Al ofrecer a los estudiantes herramientas de renombre mundial, estamos construyendo conocimiento que los preparar\u00e1 para sobresalir en sus profesiones, diferenciarse como empresarios o superar las expectativas de las empresas con las que trabajar\u00e1n\n                    <\/blockquote>\n                    <span>\n                        <b>Prof. Dr. Marcello Nitz<\/b> <br>\n                        Pr\u00f3-Reitor Acad\u00eamico do Centro Universit\u00e1rio do Instituto Mau\u00e1 de Tecnologia\n                    <\/span>\n                <\/li><li> \n                    <div class=\"img\" style=\"background-image:url(https:\/\/edctecnologia.com.br\/wp-content\/uploads\/2020\/07\/Dr-Luis-Henrique-Santos.jpg)\"> <\/div>\n                    <blockquote>\n                    La asociaci\u00f3n con una empresa de clase mundial es esencial para que PUC Minas pueda capacitar a profesionales calificados con experiencias multidisciplinarias\n                    <\/blockquote>\n                    <span>\n                        <b>Prof. Dr. Luis Henrique Santos<\/b> <br>\n                        Coordenador do Curso de Engenharia Aeron\u00e1utica da PUC Minas\n                    <\/span>\n                <\/li><\/ul>[\/vc_column][\/vc_row][\/vc_section][vc_section full_width=\u00bbstretch_row_content\u00bb el_id=\u00bbcases\u00bb css=\u00bb.vc_custom_1595046123554{background-color: #1478b5 !important;}\u00bb][vc_row][vc_column][vc_column_text css_animation=\u00bbfadeInUp\u00bb]<\/p>\n<h2 style=\"text-align: center;\">Cases<\/h2>\n<p>&nbsp;<br \/>\n[\/vc_column_text][\/vc_column][\/vc_row][vc_row el_class=\u00bbblock-link\u00bb][vc_column width=\u00bb1\/3&#8243; css=\u00bb.vc_custom_1595046438058{background-image: url(http:\/\/edctecnologia.com.br\/wp-content\/uploads\/2020\/07\/imt.jpg?id=75) !important;background-position: center !important;background-repeat: no-repeat !important;background-size: cover !important;}\u00bb][vc_column_text]<\/p>\n<h3 style=\"text-align: center;\"><a href=\"http:\/\/edctecnologia.com.br\/cases\/#imt\">IMT<\/a><\/h3>\n<p style=\"text-align: center;\">La primera y mayor instalaci\u00f3n acad\u00e9mica de 3DExperience en Brasil, con 900 accesos, IMT cuenta con los beneficios de la soluci\u00f3n desde 2017 aplicado en los cursos de ingenier\u00eda de producci\u00f3n, mec\u00e1nica, entre otros.<\/p>\n<p>&nbsp;<br \/>\n[\/vc_column_text][\/vc_column][vc_column width=\u00bb1\/3&#8243; css=\u00bb.vc_custom_1595046454283{background-image: url(http:\/\/edctecnologia.com.br\/wp-content\/uploads\/2020\/07\/ita.jpg?id=76) !important;background-position: center !important;background-repeat: no-repeat !important;background-size: cover !important;}\u00bb][vc_column_text]<\/p>\n<h3 style=\"text-align: center;\"><a href=\"http:\/\/edctecnologia.com.br\/cases\/#ita\">ITA<\/a><\/h3>\n<p style=\"text-align: center;\">La relaci\u00f3n y acompa\u00f1amiento de largo plazo, las herramientas avanzadas y alineadas con la visi\u00f3n de ITA , respecto a una ingenier\u00eda colaborativa y administrable, fueron factores decisivos para elegir la plataforma 3DExperience.<\/p>\n<p>&nbsp;<br \/>\n[\/vc_column_text][\/vc_column][vc_column width=\u00bb1\/3&#8243; css=\u00bb.vc_custom_1595046465601{background-image: url(http:\/\/edctecnologia.com.br\/wp-content\/uploads\/2020\/07\/pucmg.jpg?id=77) !important;background-position: center !important;background-repeat: no-repeat !important;background-size: cover !important;}\u00bb][vc_column_text]<\/p>\n<h3 style=\"text-align: center;\"><a href=\"http:\/\/edctecnologia.com.br\/cases\/#pucmg\">PUCMG<\/a><\/h3>\n<p style=\"text-align: center;\">Estudiantes m\u00e1s calificados en las herramientas y metodolog\u00edas utilizadas en la industria aeron\u00e1utica, han hecho que las soluciones de Dassault Syst\u00e8mes se adopten en los cursos de ingenier\u00eda de la PUC-MG desde 2016.<\/p>\n<p>&nbsp;<br \/>\n[\/vc_column_text][\/vc_column][\/vc_row][\/vc_section][vc_section][vc_row][vc_column]<ul class=\"blog-list owl-carousel\"><li>\n\n                    <div class=\"info\">\n                        <h3>\n                            <a href=\"https:\/\/edctecnologia.com.br\/es\/assessment-of-lateral-distortional-buckling-resistance-in-welded-i-beams\/\">Assessment of lateral distortional buckling resistance in welded I-beams<\/a>\n                        <\/h3>\n                        <p>\n                            <a href=\"https:\/\/edctecnologia.com.br\/es\/assessment-of-lateral-distortional-buckling-resistance-in-welded-i-beams\/\">Resumen Lateral distortional buckling (LDB) of I-beams is characterized by simultaneous lateral deflection, twist and cross section change due to web distortion. The present study investigates the effect of...<\/a>\n                        <\/p>\n                        <a href=\"https:\/\/edctecnologia.com.br\/es\/assessment-of-lateral-distortional-buckling-resistance-in-welded-i-beams\/\" class=\"btn\">Continuar lendo<\/a>\n                        <div class=\"meta\"><a href=\"https:\/\/edctecnologia.com.br\/category\/elementos-finitos\/\" title=\"Elementos Finitos\" class=\"categoria\">Elementos Finitos<\/a><\/div>\n                    <\/div>\n                    <a href=\"https:\/\/edctecnologia.com.br\/es\/assessment-of-lateral-distortional-buckling-resistance-in-welded-i-beams\/\" class=\"img\" title=\"Assessment of lateral distortional buckling resistance in welded I-beams\" style=\"background-image:url(https:\/\/edctecnologia.com.br\/wp-content\/uploads\/2020\/12\/rossi-2020-vs600.jpg)\"><\/a><\/li><li>\n\n                    <div class=\"info\">\n                        <h3>\n                            <a href=\"https:\/\/edctecnologia.com.br\/es\/avaliacao-do-momento-fletor-resistente-a-flambagem-lateral-com-torcao-de-vigas-casteladas-com-diferentes-modelos-de-reforco-longitudinal\/\">Avalia\u00e7\u00e3o do momento fletor resistente \u00e0 flambagem lateral com tor\u00e7\u00e3o de vigas casteladas com diferentes modelos de refor\u00e7o longitudinal<\/a>\n                        <\/h3>\n                        <p>\n                            <a href=\"https:\/\/edctecnologia.com.br\/es\/avaliacao-do-momento-fletor-resistente-a-flambagem-lateral-com-torcao-de-vigas-casteladas-com-diferentes-modelos-de-reforco-longitudinal\/\">RESUMO Um dos setores que mais consomem a\u00e7o \u00e9 o da Constru\u00e7\u00e3o Civil. A partir de 2002, as usinas sider\u00fargicas ampliaram sua linha de produtos no Brasil com o...<\/a>\n                        <\/p>\n                        <a href=\"https:\/\/edctecnologia.com.br\/es\/avaliacao-do-momento-fletor-resistente-a-flambagem-lateral-com-torcao-de-vigas-casteladas-com-diferentes-modelos-de-reforco-longitudinal\/\" class=\"btn\">Continuar lendo<\/a>\n                        <div class=\"meta\"><a href=\"https:\/\/edctecnologia.com.br\/category\/edc\/\" title=\"EDC\" class=\"categoria\">EDC<\/a><\/div>\n                    <\/div>\n                    <a href=\"https:\/\/edctecnologia.com.br\/es\/avaliacao-do-momento-fletor-resistente-a-flambagem-lateral-com-torcao-de-vigas-casteladas-com-diferentes-modelos-de-reforco-longitudinal\/\" class=\"img\" title=\"Avalia\u00e7\u00e3o do momento fletor resistente \u00e0 flambagem lateral com tor\u00e7\u00e3o de vigas casteladas com diferentes modelos de refor\u00e7o longitudinal\" style=\"background-image:url(https:\/\/edctecnologia.com.br\/wp-content\/uploads\/2020\/12\/leandro-2016-abaqus.jpg)\"><\/a><\/li><li>\n\n                    <div class=\"info\">\n                        <h3>\n                            <a href=\"https:\/\/edctecnologia.com.br\/es\/eon-reality-promueve-una-campana-para-la-implementacion-de-un-centro-de-realidad-virtual-y-aumentada-xr-en-brasil-con-subsidios-y-financiamiento-a-largo-plazo\/\">EON Reality promueve una campa\u00f1a para la implementaci\u00f3n de un centro de realidad virtual y aumentada (XR) en Brasil con subsidios y financiamiento a largo plazo<\/a>\n                        <\/h3>\n                        <p>\n                            <a href=\"https:\/\/edctecnologia.com.br\/es\/eon-reality-promueve-una-campana-para-la-implementacion-de-un-centro-de-realidad-virtual-y-aumentada-xr-en-brasil-con-subsidios-y-financiamiento-a-largo-plazo\/\">EON Reality es una empresa estadounidense l\u00edder en el mundo que ofrece soluciones de realidad virtual y aumentada para industrias e instituciones educativas, con m\u00e1s de 20 unidades en...<\/a>\n                        <\/p>\n                        <a href=\"https:\/\/edctecnologia.com.br\/es\/eon-reality-promueve-una-campana-para-la-implementacion-de-un-centro-de-realidad-virtual-y-aumentada-xr-en-brasil-con-subsidios-y-financiamiento-a-largo-plazo\/\" class=\"btn\">Continuar lendo<\/a>\n                        <div class=\"meta\"><a href=\"https:\/\/edctecnologia.com.br\/es\/category\/realidad-virtual\/\" title=\"Realidad Virtual\" class=\"categoria\">Realidad Virtual<\/a><\/div>\n                    <\/div>\n                    <a href=\"https:\/\/edctecnologia.com.br\/es\/eon-reality-promueve-una-campana-para-la-implementacion-de-un-centro-de-realidad-virtual-y-aumentada-xr-en-brasil-con-subsidios-y-financiamiento-a-largo-plazo\/\" class=\"img\" title=\"EON Reality promueve una campa\u00f1a para la implementaci\u00f3n de un centro de realidad virtual y aumentada (XR) en Brasil con subsidios y financiamiento a largo plazo\" style=\"background-image:url(https:\/\/edctecnologia.com.br\/wp-content\/uploads\/2020\/11\/virtual-reality-headset-graphic.jpg)\"><\/a><\/li><\/ul>[\/vc_column][\/vc_row][\/vc_section][vc_section css=\u00bb.vc_custom_1595049540316{background-image: url(http:\/\/edctecnologia.com.br\/wp-content\/uploads\/2020\/07\/bg-sobre.jpg?id=12) !important;}\u00bb el_id=\u00bbsobre-nos\u00bb][vc_row][vc_column width=\u00bb1\/4&#8243;][vc_column_text css_animation=\u00bbfadeInLeft\u00bb]<\/p>\n<h2 style=\"text-align: left;\">Sobre<br \/>\nNosotros<\/h2>\n<p>&nbsp;<br \/>\n[\/vc_column_text][\/vc_column][vc_column width=\u00bb3\/4&#8243;][vc_column_text]A EDC Tecnologia tiene como objetivo ayudar a las empresas e instituciones de ense\u00f1anza e investigaci\u00f3n a alcanzar sus objetivos mediante el uso de equipos y software de alta tecnolog\u00eda en procesos de ingenier\u00eda colaborativa<a class=\"more\" href=\"#more\"><img loading=\"lazy\" decoding=\"async\" class=\"alignnone size-medium wp-image-27\" src=\"http:\/\/edctecnologia.com.br\/wp-content\/uploads\/2020\/07\/rt.svg\" alt=\"\" width=\"20\" height=\"10\" \/><\/a>[\/vc_column_text][vc_column_text]Con decenas de clientes activos, EDC ha estado brindando productos y servicios en una perspectiva multidisciplinaria centrada en relaciones de largo plazo con nuestros clientes y socios comerciales.<\/p>\n<p>Nacido como proveedor de soluciones acad\u00e9micas en Brasil, hoy atiende las demandas de las industrias e institutos de investigaci\u00f3n en los m\u00e1s variados sectores, adem\u00e1s de tener operaciones desde Colombia con pa\u00edses de Sur y Centroam\u00e9rica.<\/p>\n<p>Los valores \u00e9ticos y el compromiso con los resultados de nuestros clientes, respaldan nuestra b\u00fasqueda de relaciones de largo plazo, basadas en el crecimiento mutuo y valores comunes.<\/p>\n<p>Conozca m\u00e1s sobre nuestras soluciones, y disfrute de las m\u00e1s modernas y completas soluciones de ingenier\u00eda, con la seguridad de que un equipo comprometido estar\u00e1 a su lado.[\/vc_column_text][\/vc_column][\/vc_row][\/vc_section][vc_section el_id=\u00bbnewsletter\u00bb css=\u00bb.vc_custom_1595051390030{background-color: #f7f7f7 !important;}\u00bb][vc_row][vc_column css=\u00bb.vc_custom_1595050810117{background-image: url(http:\/\/edctecnologia.com.br\/wp-content\/uploads\/2020\/07\/bg-news.jpg?id=11) !important;}\u00bb][vc_column_text]<\/p>\n<h2 style=\"text-align: center;\">Newsletter<\/h2>\n<p style=\"text-align: center;\">Reciba informaci\u00f3n relevante sobre noticias del mundo de la ingenier\u00eda digital y la formaci\u00f3n profesional<\/p>\n<p>&nbsp;<br \/>\n[\/vc_column_text]\n<div class=\"wpcf7 no-js\" id=\"wpcf7-f5-o1\" lang=\"pt-BR\" dir=\"ltr\" data-wpcf7-id=\"5\">\n<div class=\"screen-reader-response\"><p role=\"status\" aria-live=\"polite\" aria-atomic=\"true\"><\/p> <ul><\/ul><\/div>\n<form action=\"\/es\/wp-json\/wp\/v2\/pages\/643#wpcf7-f5-o1\" method=\"post\" class=\"wpcf7-form init\" aria-label=\"Formul\u00e1rios de contato\" novalidate=\"novalidate\" data-status=\"init\">\n<div style=\"display: none;\">\n<input type=\"hidden\" name=\"_wpcf7\" value=\"5\" \/>\n<input type=\"hidden\" name=\"_wpcf7_version\" value=\"6.0.6\" \/>\n<input type=\"hidden\" name=\"_wpcf7_locale\" value=\"pt_BR\" \/>\n<input type=\"hidden\" name=\"_wpcf7_unit_tag\" value=\"wpcf7-f5-o1\" \/>\n<input type=\"hidden\" name=\"_wpcf7_container_post\" value=\"0\" \/>\n<input type=\"hidden\" name=\"_wpcf7_posted_data_hash\" value=\"\" \/>\n<\/div>\n<p><span class=\"wpcf7-form-control-wrap\" data-name=\"email\"><input size=\"40\" maxlength=\"400\" class=\"wpcf7-form-control wpcf7-email wpcf7-validates-as-required wpcf7-text wpcf7-validates-as-email\" aria-required=\"true\" aria-invalid=\"false\" placeholder=\"Digite seu e-mail\" value=\"\" type=\"email\" name=\"email\" \/><\/span><input class=\"wpcf7-form-control wpcf7-submit has-spinner\" type=\"submit\" value=\"Enviar\" \/>\n<\/p><div class=\"wpcf7-response-output\" aria-hidden=\"true\"><\/div>\n<\/form>\n<\/div>\n[\/vc_column][\/vc_row][\/vc_section][vc_section el_id=\u00bbcontatos\u00bb css=\u00bb.vc_custom_1596058031349{background-image: url(http:\/\/edctecnologia.com.br\/wp-content\/uploads\/2020\/07\/img.jpg?id=598) !important;background-position: center !important;background-repeat: no-repeat !important;background-size: cover !important;}\u00bb][vc_row][vc_column width=\u00bb1\/2&#8243;][vc_column_text css_animation=\u00bbfadeInLeft\u00bb]<\/p>\n<h2>Contatos<\/h2>\n<p><strong>Brasil<\/strong><\/p>\n<p><a href=\"mailto:info@edctecnologia.com.br\">info@edctecnologia.com.br<\/a><br \/>\n+55 11 2893-3016 \/ +55 11 98608-7558<br \/>\nR. Funchal, 375 &#8211; 8\u00ba Andar &#8211; Conjunto 81<br \/>\nSala 2 &#8211; Vila Ol\u00edmpia<br \/>\nCEP: 04551-060 &#8211; S\u00e3o Paulo\/SP<\/p>\n<p><strong>Colombia<\/strong><\/p>\n<p><a href=\"mailto:info@edctecnologia.co\">info@edctecnologia.co<\/a><br \/>\n+57 315 891 7865<br \/>\nCalle 11 # 27 &#8211; 15<br \/>\nEdificio \u00c1lamos de la Rioja Pereira[\/vc_column_text][\/vc_column][vc_column width=\u00bb1\/2&#8243;][\/vc_column][\/vc_row][\/vc_section]<\/p>\n<\/div>","protected":false},"excerpt":{"rendered":"<p>[vc_section el_id=\u00bbservicos\u00bb css=\u00bb.vc_custom_1595285803758{background-color: #ececeb !important;}\u00bb][vc_row][vc_column][vc_column_text css_animation=\u00bbslideInUp\u00bb] Servicios [\/vc_column_text][\/vc_column][\/vc_row][vc_row el_class=\u00bbblock-link servico-carousel\u00bb][vc_column width=\u00bb1\/3&#8243;][vc_single_image image=\u00bb28&#8243; img_size=\u00bbfull\u00bb alignment=\u00bbcenter\u00bb onclick=\u00bbcustom_link\u00bb css_animation=\u00bbfadeInLeft\u00bb link=\u00bbhttp:\/\/edctecnologia.com.br\/servicos\/treinamento-e-capacitacao\/\u00bb][vc_column_text] Treinamento e capacita\u00e7\u00e3o Solu\u00e7\u00f5es para treinamento e capacita\u00e7\u00e3o do seu time. Flexibilidade de cargas hor\u00e1rias e conte\u00fados focados nos seus objetivos. [\/vc_column_text][\/vc_column][vc_column width=\u00bb1\/3&#8243;][vc_single_image image=\u00bb150&#8243; img_size=\u00bbfull\u00bb alignment=\u00bbcenter\u00bb onclick=\u00bbcustom_link\u00bb css_animation=\u00bbfadeInUp\u00bb link=\u00bbhttp:\/\/edctecnologia.com.br\/servicos\/certificacao\/\u00bb][vc_column_text] Certificaci\u00f3n Certificaciones para profesionales y estudiantes sobre herramientas de [&hellip;]<\/p>\n","protected":false},"author":2,"featured_media":0,"parent":0,"menu_order":0,"comment_status":"closed","ping_status":"closed","template":"","meta":{"_acf_changed":false,"footnotes":""},"class_list":["post-643","page","type-page","status-publish","hentry"],"acf":[],"_links":{"self":[{"href":"https:\/\/edctecnologia.com.br\/es\/wp-json\/wp\/v2\/pages\/643","targetHints":{"allow":["GET"]}}],"collection":[{"href":"https:\/\/edctecnologia.com.br\/es\/wp-json\/wp\/v2\/pages"}],"about":[{"href":"https:\/\/edctecnologia.com.br\/es\/wp-json\/wp\/v2\/types\/page"}],"author":[{"embeddable":true,"href":"https:\/\/edctecnologia.com.br\/es\/wp-json\/wp\/v2\/users\/2"}],"replies":[{"embeddable":true,"href":"https:\/\/edctecnologia.com.br\/es\/wp-json\/wp\/v2\/comments?post=643"}],"version-history":[{"count":48,"href":"https:\/\/edctecnologia.com.br\/es\/wp-json\/wp\/v2\/pages\/643\/revisions"}],"predecessor-version":[{"id":2293,"href":"https:\/\/edctecnologia.com.br\/es\/wp-json\/wp\/v2\/pages\/643\/revisions\/2293"}],"wp:attachment":[{"href":"https:\/\/edctecnologia.com.br\/es\/wp-json\/wp\/v2\/media?parent=643"}],"curies":[{"name":"wp","href":"https:\/\/api.w.org\/{rel}","templated":true}]}}